{"id":4,"date":"2021-01-21T14:13:23","date_gmt":"2021-01-21T14:13:23","guid":{"rendered":"http:\/\/base-wordpress.unibz.it\/?page_id=4"},"modified":"2022-12-15T13:59:15","modified_gmt":"2022-12-15T13:59:15","slug":"home","status":"publish","type":"page","link":"https:\/\/familyfirmssuccession.projects.unibz.it\/?page_id=4","title":{"rendered":"Trusts e fondazioni"},"content":{"rendered":"\n<h2 class=\"has-text-align-left wp-block-heading\"><strong>Trusts e fondazioni nel passaggio generazionale delle imprese familiari <\/strong><\/h2>\n\n\n\n<h2 class=\"wp-block-heading\">Convegno online<br> 18 giugno 2021, ore 10:00 &#8211; 17:00  <\/h2>\n\n\n\n<p>Il Workshop si colloca nel contesto di un progetto di ricerca interdisciplinare sulla successione delle imprese familiari finanziato dalla Libera Universit\u00e0 di Bolzano cui partecipano ricercatori di materie giuridiche, di management e di sociologia (\u201cHanding over the family business to the next generation and the future of the succession law in Europe: Present challenges and future perspectives\u201c).<\/p>\n\n\n\n<p>L\u2019obiettivo di questo Workshop \u00e8 di soffermarsi su trust e fondazioni come forme di separazione e segregazione patrimoniale che possono venire impiegate nella strutturazione della successione di un\u2019impresa familiare per realizzare diverse finalit\u00e0 di interesse dell\u2019\u201dimprenditore\u201d. Nel corso del Workshop si esamineranno gli impieghi degli istituti del trust e della fondazione, quali scopi possono essere idonei a realizzare, se possano avere finalit\u00e0 concorrenti o meno, le loro implicazioni sotto il profilo fiscale. Saranno oggetto di attenzione anche esempi e casi applicativi.<\/p>\n\n\n\n<p>L&#8217;evento \u00e8 accreditato presso il Consiglio Nazionale del Notariato, all&#8217;Ordine degli Avvocati e all&#8217;Ordine dei Commercialisti.<\/p>\n\n\n\n<div style=\"height:20px\" aria-hidden=\"true\" class=\"wp-block-spacer\"><\/div>\n\n\n\n<h2 class=\"wp-block-heading\"><strong>PROGRAMMA<\/strong><\/h2>\n\n\n\n<p>Qui trovate la locandina con il programma.<\/p>\n\n\n\n<div class=\"wp-block-file\"><a id=\"wp-block-file--media-f45b0c30-5349-4a2c-94c9-8c3cbed6189e\" href=\"https:\/\/familyfirmssuccession.projects.unibz.it\/wp-content\/uploads\/2021\/06\/2021-06-18_Trusts_LOCANDINA_PROGRAMMA-10.6.pdf\">2021-06-18_Trusts_LOCANDINA_PROGRAMMA-10.6<\/a><a href=\"https:\/\/familyfirmssuccession.projects.unibz.it\/wp-content\/uploads\/2021\/06\/2021-06-18_Trusts_LOCANDINA_PROGRAMMA-10.6.pdf\" class=\"wp-block-file__button wp-element-button\" download aria-describedby=\"wp-block-file--media-f45b0c30-5349-4a2c-94c9-8c3cbed6189e\">Download<\/a><\/div>\n\n\n\n<div style=\"height:26px\" aria-hidden=\"true\" class=\"wp-block-spacer\"><\/div>\n\n\n\n<p><strong>10.00 \u2013 10.20<\/strong> Introduce   Laura Valle, Professore associato, Libera Universit\u00e0 di Bolzano e Avvocato<\/p>\n\n\n\n<p>Discussant   Lucilla Gatt, Professore ordinario Universit\u00e0 Suor Orsola Benincasa e Avvocato<\/p>\n\n\n\n<p><strong>10.20 \u2013 10.50<\/strong> <br>Alfredo De Massis, Professore ordinario di di imprenditorialit\u00e0 e family business e Direttore del Centro Family Business Management, Libera Universit\u00e0 di Bolzano<br>Vittoria Magrelli, Assegnista di ricerca presso il Centro Family Business Management, Libera Universit\u00e0 di Bolzano<br><em>Memoria e cultura transgenerazionale delle famiglie imprenditoriali<\/em><\/p>\n\n\n\n<p>Q&amp;A<\/p>\n\n\n\n<p><strong>11.00 \u2013 11.20<\/strong> Paola Manes, Professore ordinario di Diritto privato, Universit\u00e0 di Bologna e Avvocato<br><em>Il trust per la gestione del passaggio generazionale delle imprese di famiglia<\/em><\/p>\n\n\n\n<p><strong>11.20 \u2013 11.40 <\/strong>Marta Cenini, Professore associato di Diritto privato, Universit\u00e0 dell\u2019Insubria e Avvocato, Studio DLA Piper Studio legale e tributario<br><em>Le fondazioni nel contesto della successione delle imprese familiari<\/em><\/p>\n\n\n\n<p>Q&amp;A<\/p>\n\n\n\n<p>Pausa<\/p>\n\n\n\n<p><strong>12.00 \u2013 12.20<\/strong> Ilaria Riva, Professore associato, Universit\u00e0 di Torino e Avvocato <br><em>Patto di famiglia e trust<\/em><\/p>\n\n\n\n<p><strong>12.20 \u2013 12.40<\/strong> Francesco Schurr, Professore ordinario di Diritto privato e Direttore dell\u2019Istituto di Diritto italiano, Universit\u00e0 di Innsbruck<br><em>Il trust nel diritto sanmarinese e la fondazione e il trust nel Liechtenstein<\/em><\/p>\n\n\n\n<p>Q&amp;A<\/p>\n\n\n\n<p><strong>Pausa   13.00 \u2013 14.00<\/strong><\/p>\n\n\n\n<p><strong>14.00 \u2013 14.20<\/strong> Stefano Loconte, Professore straordinario di Diritto tributario, Universit\u00e0 LUM e Avvocato Studio Legale Loconte &amp; Partners<br><em>La disciplina fiscale dei trust e dei patti di famiglia<\/em><\/p>\n\n\n\n<p>Q&amp;A<\/p>\n\n\n\n<p><strong>14.30 \u2013 14.50<\/strong> Giulio Errani, Dottorando, Universit\u00e0 di Bologna e Notaio<br><em> Trust e legittimari<\/em><\/p>\n\n\n\n<p>Q&amp;A<\/p>\n\n\n\n<p><strong>15.00 \u2013 16.30<\/strong> Tavola rotonda <\/p>\n\n\n\n<p>Conduce Lucilla Gatt<br>Partecipano le relatrici\/i relatori del workshop e<br>Giovanni Marafante &#8211; Consigliere Delegato Aletti Fiduciaria S.P.A., Gruppo Banco Bpm. <\/p>\n\n\n\n<div style=\"height:48px\" aria-hidden=\"true\" class=\"wp-block-spacer\"><\/div>\n\n\n\n<p><strong>Organizzazione scientifica<\/strong><\/p>\n\n\n\n<p>Laura Valle, Professore associato, Libera Universit\u00e0 di Bolzano e Avvocato<br>Sara Addamo, Ph.D Incaricata alla ricerca, Libera Universit\u00e0 di Bolzano e Avvocato<\/p>\n\n\n\n<p><strong>Segreteria organizzativa<\/strong><\/p>\n\n\n\n<p>Dott. Massimo Eccli, Ufficio Stampa e Organizzazione eventi, Libera Universit\u00e0 di Bolzano<\/p>\n\n\n\n<div style=\"height:54px\" aria-hidden=\"true\" class=\"wp-block-spacer\"><\/div>\n\n\n\n<h2 class=\"wp-block-heading\">PRESENTAZIONI DEL CONVEGNO<\/h2>\n\n\n\n<div class=\"wp-block-file\"><a id=\"wp-block-file--media-1f607491-e105-4ca7-ae4f-34e2f70d4df7\" href=\"https:\/\/familyfirmssuccession.projects.unibz.it\/wp-content\/uploads\/2021\/06\/Cenini_Fondazioni-nel-contesto-della-successione-delle-imprese-familiari_Bolzano-18-giugno.pdf\">Le fondazioni nel contesto della successione delle imprese familiari, Marta Cenini<br><\/a><a href=\"https:\/\/familyfirmssuccession.projects.unibz.it\/wp-content\/uploads\/2021\/06\/Cenini_Fondazioni-nel-contesto-della-successione-delle-imprese-familiari_Bolzano-18-giugno.pdf\" class=\"wp-block-file__button wp-element-button\" download aria-describedby=\"wp-block-file--media-1f607491-e105-4ca7-ae4f-34e2f70d4df7\">Download<\/a><\/div>\n\n\n\n<div class=\"wp-block-file\"><a id=\"wp-block-file--media-b9faeb0b-c658-4327-a3f3-2541d68aa51f\" href=\"https:\/\/familyfirmssuccession.projects.unibz.it\/wp-content\/uploads\/2021\/06\/20210618-Prof.-Schurr-UniBZ-Trust-Fondazioni.pdf\"> Il trust nel diritto sanmarinese e la fondazione e il trust nel Liechtenstein, Francesco Schurr<\/a><a href=\"https:\/\/familyfirmssuccession.projects.unibz.it\/wp-content\/uploads\/2021\/06\/20210618-Prof.-Schurr-UniBZ-Trust-Fondazioni.pdf\" class=\"wp-block-file__button wp-element-button\" download aria-describedby=\"wp-block-file--media-b9faeb0b-c658-4327-a3f3-2541d68aa51f\">Download<\/a><\/div>\n\n\n\n<div style=\"height:36px\" aria-hidden=\"true\" class=\"wp-block-spacer\"><\/div>\n\n\n\n<h2 class=\"wp-block-heading\">BILBIOGRAFIA DEL WORKSHOP<\/h2>\n\n\n\n<p><\/p>\n\n\n\n<div class=\"wp-block-file\"><a id=\"wp-block-file--media-9e1b77cb-c5e5-4899-83a5-4ebdbee9f3f6\" href=\"https:\/\/familyfirmssuccession.projects.unibz.it\/wp-content\/uploads\/2021\/10\/BIBLIO1.pdf\">Bibliografia<\/a><a href=\"https:\/\/familyfirmssuccession.projects.unibz.it\/wp-content\/uploads\/2021\/10\/BIBLIO1.pdf\" class=\"wp-block-file__button wp-element-button\" download aria-describedby=\"wp-block-file--media-9e1b77cb-c5e5-4899-83a5-4ebdbee9f3f6\">Download<\/a><\/div>\n","protected":false},"excerpt":{"rendered":"<p>Trusts e fondazioni nel passaggio generazionale delle imprese familiari Convegno online 18 giugno 2021, ore 10:00 &#8211; 17:00 Il Workshop si colloca nel contesto di un progetto di ricerca interdisciplinare sulla successione delle imprese familiari finanziato dalla Libera Universit\u00e0 di Bolzano cui partecipano ricercatori di materie giuridiche, di management e [&hellip;]<\/p>\n","protected":false},"author":2,"featured_media":42,"parent":0,"menu_order":0,"comment_status":"closed","ping_status":"closed","template":"","meta":{"footnotes":""},"class_list":["post-4","page","type-page","status-publish","has-post-thumbnail","hentry"],"yoast_head":"<!-- This site is optimized with the Yoast SEO plugin v27.4 - https:\/\/yoast.com\/product\/yoast-seo-wordpress\/ -->\n<title>Trusts e fondazioni - demo.unibz.it<\/title>\n<meta name=\"robots\" content=\"index, follow, max-snippet:-1, max-image-preview:large, max-video-preview:-1\" \/>\n<link rel=\"canonical\" href=\"https:\/\/familyfirmssuccession.projects.unibz.it\/?page_id=4\" \/>\n<meta property=\"og:locale\" content=\"en_US\" \/>\n<meta property=\"og:type\" content=\"article\" \/>\n<meta property=\"og:title\" content=\"Trusts e fondazioni - demo.unibz.it\" \/>\n<meta property=\"og:description\" content=\"Trusts e fondazioni nel passaggio generazionale delle imprese familiari Convegno online 18 giugno 2021, ore 10:00 &#8211; 17:00 Il Workshop si colloca nel contesto di un progetto di ricerca interdisciplinare sulla successione delle imprese familiari finanziato dalla Libera Universit\u00e0 di Bolzano cui partecipano ricercatori di materie giuridiche, di management e [&hellip;]\" \/>\n<meta property=\"og:url\" content=\"https:\/\/familyfirmssuccession.projects.unibz.it\/?page_id=4\" \/>\n<meta property=\"og:site_name\" content=\"demo.unibz.it\" \/>\n<meta property=\"article:modified_time\" content=\"2022-12-15T13:59:15+00:00\" \/>\n<meta property=\"og:image\" content=\"https:\/\/familyfirmssuccession.projects.unibz.it\/wp-content\/uploads\/2021\/06\/Trust_WordPress-05.jpg\" \/>\n\t<meta property=\"og:image:width\" content=\"7914\" \/>\n\t<meta property=\"og:image:height\" content=\"2614\" \/>\n\t<meta property=\"og:image:type\" content=\"image\/jpeg\" \/>\n<meta name=\"twitter:card\" content=\"summary_large_image\" \/>\n<meta name=\"twitter:label1\" content=\"Est. reading time\" \/>\n\t<meta name=\"twitter:data1\" content=\"3 minutes\" \/>\n<script type=\"application\/ld+json\" class=\"yoast-schema-graph\">{\"@context\":\"https:\\\/\\\/schema.org\",\"@graph\":[{\"@type\":\"WebPage\",\"@id\":\"https:\\\/\\\/familyfirmssuccession.projects.unibz.it\\\/?page_id=4\",\"url\":\"https:\\\/\\\/familyfirmssuccession.projects.unibz.it\\\/?page_id=4\",\"name\":\"Trusts e fondazioni - demo.unibz.it\",\"isPartOf\":{\"@id\":\"https:\\\/\\\/familyfirmssuccession.projects.unibz.it\\\/#website\"},\"primaryImageOfPage\":{\"@id\":\"https:\\\/\\\/familyfirmssuccession.projects.unibz.it\\\/?page_id=4#primaryimage\"},\"image\":{\"@id\":\"https:\\\/\\\/familyfirmssuccession.projects.unibz.it\\\/?page_id=4#primaryimage\"},\"thumbnailUrl\":\"https:\\\/\\\/familyfirmssuccession.projects.unibz.it\\\/wp-content\\\/uploads\\\/2021\\\/06\\\/Trust_WordPress-05.jpg\",\"datePublished\":\"2021-01-21T14:13:23+00:00\",\"dateModified\":\"2022-12-15T13:59:15+00:00\",\"breadcrumb\":{\"@id\":\"https:\\\/\\\/familyfirmssuccession.projects.unibz.it\\\/?page_id=4#breadcrumb\"},\"inLanguage\":\"en-US\",\"potentialAction\":[{\"@type\":\"ReadAction\",\"target\":[\"https:\\\/\\\/familyfirmssuccession.projects.unibz.it\\\/?page_id=4\"]}]},{\"@type\":\"ImageObject\",\"inLanguage\":\"en-US\",\"@id\":\"https:\\\/\\\/familyfirmssuccession.projects.unibz.it\\\/?page_id=4#primaryimage\",\"url\":\"https:\\\/\\\/familyfirmssuccession.projects.unibz.it\\\/wp-content\\\/uploads\\\/2021\\\/06\\\/Trust_WordPress-05.jpg\",\"contentUrl\":\"https:\\\/\\\/familyfirmssuccession.projects.unibz.it\\\/wp-content\\\/uploads\\\/2021\\\/06\\\/Trust_WordPress-05.jpg\",\"width\":7914,\"height\":2614},{\"@type\":\"BreadcrumbList\",\"@id\":\"https:\\\/\\\/familyfirmssuccession.projects.unibz.it\\\/?page_id=4#breadcrumb\",\"itemListElement\":[{\"@type\":\"ListItem\",\"position\":1,\"name\":\"Home\",\"item\":\"https:\\\/\\\/familyfirmssuccession.projects.unibz.it\\\/\"},{\"@type\":\"ListItem\",\"position\":2,\"name\":\"Trusts e fondazioni\"}]},{\"@type\":\"WebSite\",\"@id\":\"https:\\\/\\\/familyfirmssuccession.projects.unibz.it\\\/#website\",\"url\":\"https:\\\/\\\/familyfirmssuccession.projects.unibz.it\\\/\",\"name\":\"demo.unibz.it\",\"description\":\"Just another WordPress site\",\"potentialAction\":[{\"@type\":\"SearchAction\",\"target\":{\"@type\":\"EntryPoint\",\"urlTemplate\":\"https:\\\/\\\/familyfirmssuccession.projects.unibz.it\\\/?s={search_term_string}\"},\"query-input\":{\"@type\":\"PropertyValueSpecification\",\"valueRequired\":true,\"valueName\":\"search_term_string\"}}],\"inLanguage\":\"en-US\"}]}<\/script>\n<!-- \/ Yoast SEO plugin. -->","yoast_head_json":{"title":"Trusts e fondazioni - demo.unibz.it","robots":{"index":"index","follow":"follow","max-snippet":"max-snippet:-1","max-image-preview":"max-image-preview:large","max-video-preview":"max-video-preview:-1"},"canonical":"https:\/\/familyfirmssuccession.projects.unibz.it\/?page_id=4","og_locale":"en_US","og_type":"article","og_title":"Trusts e fondazioni - demo.unibz.it","og_description":"Trusts e fondazioni nel passaggio generazionale delle imprese familiari Convegno online 18 giugno 2021, ore 10:00 &#8211; 17:00 Il Workshop si colloca nel contesto di un progetto di ricerca interdisciplinare sulla successione delle imprese familiari finanziato dalla Libera Universit\u00e0 di Bolzano cui partecipano ricercatori di materie giuridiche, di management e [&hellip;]","og_url":"https:\/\/familyfirmssuccession.projects.unibz.it\/?page_id=4","og_site_name":"demo.unibz.it","article_modified_time":"2022-12-15T13:59:15+00:00","og_image":[{"width":7914,"height":2614,"url":"https:\/\/familyfirmssuccession.projects.unibz.it\/wp-content\/uploads\/2021\/06\/Trust_WordPress-05.jpg","type":"image\/jpeg"}],"twitter_card":"summary_large_image","twitter_misc":{"Est. reading time":"3 minutes"},"schema":{"@context":"https:\/\/schema.org","@graph":[{"@type":"WebPage","@id":"https:\/\/familyfirmssuccession.projects.unibz.it\/?page_id=4","url":"https:\/\/familyfirmssuccession.projects.unibz.it\/?page_id=4","name":"Trusts e fondazioni - demo.unibz.it","isPartOf":{"@id":"https:\/\/familyfirmssuccession.projects.unibz.it\/#website"},"primaryImageOfPage":{"@id":"https:\/\/familyfirmssuccession.projects.unibz.it\/?page_id=4#primaryimage"},"image":{"@id":"https:\/\/familyfirmssuccession.projects.unibz.it\/?page_id=4#primaryimage"},"thumbnailUrl":"https:\/\/familyfirmssuccession.projects.unibz.it\/wp-content\/uploads\/2021\/06\/Trust_WordPress-05.jpg","datePublished":"2021-01-21T14:13:23+00:00","dateModified":"2022-12-15T13:59:15+00:00","breadcrumb":{"@id":"https:\/\/familyfirmssuccession.projects.unibz.it\/?page_id=4#breadcrumb"},"inLanguage":"en-US","potentialAction":[{"@type":"ReadAction","target":["https:\/\/familyfirmssuccession.projects.unibz.it\/?page_id=4"]}]},{"@type":"ImageObject","inLanguage":"en-US","@id":"https:\/\/familyfirmssuccession.projects.unibz.it\/?page_id=4#primaryimage","url":"https:\/\/familyfirmssuccession.projects.unibz.it\/wp-content\/uploads\/2021\/06\/Trust_WordPress-05.jpg","contentUrl":"https:\/\/familyfirmssuccession.projects.unibz.it\/wp-content\/uploads\/2021\/06\/Trust_WordPress-05.jpg","width":7914,"height":2614},{"@type":"BreadcrumbList","@id":"https:\/\/familyfirmssuccession.projects.unibz.it\/?page_id=4#breadcrumb","itemListElement":[{"@type":"ListItem","position":1,"name":"Home","item":"https:\/\/familyfirmssuccession.projects.unibz.it\/"},{"@type":"ListItem","position":2,"name":"Trusts e fondazioni"}]},{"@type":"WebSite","@id":"https:\/\/familyfirmssuccession.projects.unibz.it\/#website","url":"https:\/\/familyfirmssuccession.projects.unibz.it\/","name":"demo.unibz.it","description":"Just another WordPress site","potentialAction":[{"@type":"SearchAction","target":{"@type":"EntryPoint","urlTemplate":"https:\/\/familyfirmssuccession.projects.unibz.it\/?s={search_term_string}"},"query-input":{"@type":"PropertyValueSpecification","valueRequired":true,"valueName":"search_term_string"}}],"inLanguage":"en-US"}]}},"_links":{"self":[{"href":"https:\/\/familyfirmssuccession.projects.unibz.it\/index.php?rest_route=\/wp\/v2\/pages\/4","targetHints":{"allow":["GET"]}}],"collection":[{"href":"https:\/\/familyfirmssuccession.projects.unibz.it\/index.php?rest_route=\/wp\/v2\/pages"}],"about":[{"href":"https:\/\/familyfirmssuccession.projects.unibz.it\/index.php?rest_route=\/wp\/v2\/types\/page"}],"author":[{"embeddable":true,"href":"https:\/\/familyfirmssuccession.projects.unibz.it\/index.php?rest_route=\/wp\/v2\/users\/2"}],"replies":[{"embeddable":true,"href":"https:\/\/familyfirmssuccession.projects.unibz.it\/index.php?rest_route=%2Fwp%2Fv2%2Fcomments&post=4"}],"version-history":[{"count":34,"href":"https:\/\/familyfirmssuccession.projects.unibz.it\/index.php?rest_route=\/wp\/v2\/pages\/4\/revisions"}],"predecessor-version":[{"id":205,"href":"https:\/\/familyfirmssuccession.projects.unibz.it\/index.php?rest_route=\/wp\/v2\/pages\/4\/revisions\/205"}],"wp:featuredmedia":[{"embeddable":true,"href":"https:\/\/familyfirmssuccession.projects.unibz.it\/index.php?rest_route=\/wp\/v2\/media\/42"}],"wp:attachment":[{"href":"https:\/\/familyfirmssuccession.projects.unibz.it\/index.php?rest_route=%2Fwp%2Fv2%2Fmedia&parent=4"}],"curies":[{"name":"wp","href":"https:\/\/api.w.org\/{rel}","templated":true}]}}