{"id":150,"date":"2022-06-09T09:31:17","date_gmt":"2022-06-09T09:31:17","guid":{"rendered":"https:\/\/familyfirmssuccession.projects.unibz.it\/?page_id=150"},"modified":"2022-12-15T13:56:02","modified_gmt":"2022-12-15T13:56:02","slug":"workshop-che-successione-per-quale-impresa","status":"publish","type":"page","link":"https:\/\/familyfirmssuccession.projects.unibz.it\/?page_id=150","title":{"rendered":"Workshop: Che successione per quale impresa?"},"content":{"rendered":"\n<h2 class=\"wp-block-heading\">Workshop: Che successione per quale impresa?<\/h2>\n\n\n\n<h2 class=\"wp-block-heading\">Workshop online 17 giugno 2022 &#8211;  10.00-19.00<\/h2>\n\n\n\n<p>Il workshop fa parte delle attivit\u00e0 del progetto di ricerca interdisciplinare finanziato da Unibz \u201cHanding over the family business to the next generation and the succession law in Europe: present challenges and future perspectives\u201c che prevede la collaborazione di ricercatori di diritto, management e sociologia nello studio delle situazioni e dei rapporti complessi che caratterizzano la successione delle imprese familiari. <\/p>\n\n\n\n<p>Il processo di successione di un\u2019impresa familiare alla generazione successiva richiede attenzione e studio della situazione in modo che l\u2019impresa, con tutte le sue utilit\u00e0 e potenzialit\u00e0, conservi e sviluppi quanto ha acquisito fino a quel momento anche dopo la successione. &nbsp;<\/p>\n\n\n\n<p>Ogni impresa fa da caso a s\u00e9, richiedendo un processo di successione specificamente ritagliato sulle sue specificit\u00e0; tuttavia, alcuni strumenti giuridici e di management possono venire impiegati con una certa tipicit\u00e0 in ambiti di imprese caratterizzati per la loro grandezza, la loro anzianit\u00e0 di tradizione, la loro presenza, con pi\u00f9 sedi, in diversi Paesi. \u00c8 necessario, ad ogni modo, tenere presente che i confini tracciati non sono mai rigidi, e non possono essere visti come invalicabili, dato che alcuni strumenti e processi potrebbero trovare utile impiego in pi\u00f9 diversi ambiti. &nbsp;<\/p>\n\n\n\n<p>In questo Workshop si intende promuovere un confronto tra gli attori e gli studiosi dei passaggi successori al fine di contribuire a mostrare la successione dell\u2019impresa familiare come un\u2019occasione per rivedere in senso innovativo l\u2019organizzazione e la programmazione delle attivit\u00e0 dell\u2019impresa. Prospettiva questa che oggi \u00e8 quanto mai attuale e pu\u00f2 consentire di superare la visione della successione come momento di crisi dell\u2019attivit\u00e0 dell\u2019impresa, e che spesso per questo viene procrastinato, con conseguenze negative sull\u2019impresa stessa. &nbsp;<\/p>\n\n\n\n<p><strong>Programma:<\/strong><\/p>\n\n\n\n<div data-wp-interactive=\"core\/file\" class=\"wp-block-file\"><object data-wp-bind--hidden=\"!state.hasPdfPreview\" hidden class=\"wp-block-file__embed\" data=\"https:\/\/familyfirmssuccession.projects.unibz.it\/wp-content\/uploads\/2022\/06\/Che-successione-per-quale-impresa-_Programma-1.pdf\" type=\"application\/pdf\" style=\"width:100%;height:600px\" aria-label=\"Embed of Che-successione-per-quale-impresa-_Programma-1.\"><\/object><a id=\"wp-block-file--media-2283df86-aa99-4938-ad4f-eadaee5702b8\" href=\"https:\/\/familyfirmssuccession.projects.unibz.it\/wp-content\/uploads\/2022\/06\/Che-successione-per-quale-impresa-_Programma-1.pdf\">Che-successione-per-quale-impresa-_Programma-1<\/a><a href=\"https:\/\/familyfirmssuccession.projects.unibz.it\/wp-content\/uploads\/2022\/06\/Che-successione-per-quale-impresa-_Programma-1.pdf\" class=\"wp-block-file__button wp-element-button\" download aria-describedby=\"wp-block-file--media-2283df86-aa99-4938-ad4f-eadaee5702b8\">Download<\/a><\/div>\n\n\n\n<p><strong>Slides e pubblicazioni dei relatori<\/strong><\/p>\n\n\n\n<div data-wp-interactive=\"core\/file\" class=\"wp-block-file\"><object data-wp-bind--hidden=\"!state.hasPdfPreview\" hidden class=\"wp-block-file__embed\" data=\"https:\/\/familyfirmssuccession.projects.unibz.it\/wp-content\/uploads\/2022\/06\/Presentazione-Andrea-Tavecchio.pdf\" type=\"application\/pdf\" style=\"width:100%;height:600px\" aria-label=\"Embed of Presentazione-Andrea-Tavecchio.\"><\/object><a id=\"wp-block-file--media-a0fdbef9-1581-4f54-840c-4c401e3e0c27\" href=\"https:\/\/familyfirmssuccession.projects.unibz.it\/wp-content\/uploads\/2022\/06\/Presentazione-Andrea-Tavecchio.pdf\">Presentazione-Andrea-Tavecchio<\/a><a href=\"https:\/\/familyfirmssuccession.projects.unibz.it\/wp-content\/uploads\/2022\/06\/Presentazione-Andrea-Tavecchio.pdf\" class=\"wp-block-file__button wp-element-button\" download aria-describedby=\"wp-block-file--media-a0fdbef9-1581-4f54-840c-4c401e3e0c27\">Download<\/a><\/div>\n\n\n\n<div data-wp-interactive=\"core\/file\" class=\"wp-block-file\"><object data-wp-bind--hidden=\"!state.hasPdfPreview\" hidden class=\"wp-block-file__embed\" data=\"https:\/\/familyfirmssuccession.projects.unibz.it\/wp-content\/uploads\/2022\/06\/Presentazione-Diego-Tilola.pdf\" type=\"application\/pdf\" style=\"width:100%;height:600px\" aria-label=\"Embed of Presentazione-Diego-Tilola.\"><\/object><a id=\"wp-block-file--media-ef6a9d70-f517-4bab-ac28-4be91f6a2a96\" href=\"https:\/\/familyfirmssuccession.projects.unibz.it\/wp-content\/uploads\/2022\/06\/Presentazione-Diego-Tilola.pdf\">Presentazione-Diego-Tilola<\/a><a href=\"https:\/\/familyfirmssuccession.projects.unibz.it\/wp-content\/uploads\/2022\/06\/Presentazione-Diego-Tilola.pdf\" class=\"wp-block-file__button wp-element-button\" download aria-describedby=\"wp-block-file--media-ef6a9d70-f517-4bab-ac28-4be91f6a2a96\">Download<\/a><\/div>\n\n\n\n<div data-wp-interactive=\"core\/file\" class=\"wp-block-file\"><object data-wp-bind--hidden=\"!state.hasPdfPreview\" hidden class=\"wp-block-file__embed\" data=\"https:\/\/familyfirmssuccession.projects.unibz.it\/wp-content\/uploads\/2022\/06\/Presentazione-Francesco-Armando-Schurr.pdf\" type=\"application\/pdf\" style=\"width:100%;height:600px\" aria-label=\"Embed of Presentazione-Francesco-Armando-Schurr.\"><\/object><a id=\"wp-block-file--media-b84308e1-42b4-467e-b742-9b376b35093b\" href=\"https:\/\/familyfirmssuccession.projects.unibz.it\/wp-content\/uploads\/2022\/06\/Presentazione-Francesco-Armando-Schurr.pdf\">Presentazione-Francesco-Armando-Schurr<\/a><a href=\"https:\/\/familyfirmssuccession.projects.unibz.it\/wp-content\/uploads\/2022\/06\/Presentazione-Francesco-Armando-Schurr.pdf\" class=\"wp-block-file__button wp-element-button\" download aria-describedby=\"wp-block-file--media-b84308e1-42b4-467e-b742-9b376b35093b\">Download<\/a><\/div>\n\n\n\n<div data-wp-interactive=\"core\/file\" class=\"wp-block-file\"><object data-wp-bind--hidden=\"!state.hasPdfPreview\" hidden class=\"wp-block-file__embed\" data=\"https:\/\/familyfirmssuccession.projects.unibz.it\/wp-content\/uploads\/2022\/06\/Presentazione-Vittoria-Magrelli.pdf\" type=\"application\/pdf\" style=\"width:100%;height:600px\" aria-label=\"Embed of Presentazione-Vittoria-Magrelli.\"><\/object><a id=\"wp-block-file--media-6d750122-8703-44f0-a583-22fd0b859e33\" href=\"https:\/\/familyfirmssuccession.projects.unibz.it\/wp-content\/uploads\/2022\/06\/Presentazione-Vittoria-Magrelli.pdf\">Presentazione-Vittoria-Magrelli<\/a><a href=\"https:\/\/familyfirmssuccession.projects.unibz.it\/wp-content\/uploads\/2022\/06\/Presentazione-Vittoria-Magrelli.pdf\" class=\"wp-block-file__button wp-element-button\" download aria-describedby=\"wp-block-file--media-6d750122-8703-44f0-a583-22fd0b859e33\">Download<\/a><\/div>\n\n\n\n<div data-wp-interactive=\"core\/file\" class=\"wp-block-file\"><object data-wp-bind--hidden=\"!state.hasPdfPreview\" hidden class=\"wp-block-file__embed\" data=\"https:\/\/familyfirmssuccession.projects.unibz.it\/wp-content\/uploads\/2022\/06\/Articolo-Lucilla-Gatt.pdf\" type=\"application\/pdf\" style=\"width:100%;height:600px\" aria-label=\"Embed of Articolo-Lucilla-Gatt.\"><\/object><a id=\"wp-block-file--media-ce43c7d8-feda-4c3c-907e-944e229d22ff\" href=\"https:\/\/familyfirmssuccession.projects.unibz.it\/wp-content\/uploads\/2022\/06\/Articolo-Lucilla-Gatt.pdf\">Articolo-Lucilla-Gatt<\/a><a href=\"https:\/\/familyfirmssuccession.projects.unibz.it\/wp-content\/uploads\/2022\/06\/Articolo-Lucilla-Gatt.pdf\" class=\"wp-block-file__button wp-element-button\" download aria-describedby=\"wp-block-file--media-ce43c7d8-feda-4c3c-907e-944e229d22ff\">Download<\/a><\/div>\n\n\n\n<div data-wp-interactive=\"core\/file\" class=\"wp-block-file\"><object data-wp-bind--hidden=\"!state.hasPdfPreview\" hidden class=\"wp-block-file__embed\" data=\"https:\/\/familyfirmssuccession.projects.unibz.it\/wp-content\/uploads\/2022\/06\/Presentazione-Daniela-Montemerlo.pdf\" type=\"application\/pdf\" style=\"width:100%;height:600px\" aria-label=\"Embed of Presentazione-Daniela-Montemerlo.\"><\/object><a id=\"wp-block-file--media-09f65f9a-889f-4a2a-adb7-fe0300211ddc\" href=\"https:\/\/familyfirmssuccession.projects.unibz.it\/wp-content\/uploads\/2022\/06\/Presentazione-Daniela-Montemerlo.pdf\">Presentazione-Daniela-Montemerlo<\/a><a href=\"https:\/\/familyfirmssuccession.projects.unibz.it\/wp-content\/uploads\/2022\/06\/Presentazione-Daniela-Montemerlo.pdf\" class=\"wp-block-file__button wp-element-button\" download aria-describedby=\"wp-block-file--media-09f65f9a-889f-4a2a-adb7-fe0300211ddc\">Download<\/a><\/div>\n","protected":false},"excerpt":{"rendered":"<p>Workshop: Che successione per quale impresa? Workshop online 17 giugno 2022 &#8211; 10.00-19.00 Il workshop fa parte delle attivit\u00e0 del progetto di ricerca interdisciplinare finanziato da Unibz \u201cHanding over the family business to the next generation and the succession law in Europe: present challenges and future perspectives\u201c che prevede la collaborazione di ricercatori di diritto, management e sociologia nello studio delle situazioni e dei rapporti complessi che caratterizzano la successione delle imprese familiari. Il processo di successione di un\u2019impresa familiare alla generazione successiva richiede attenzione e studio della situazione in modo che l\u2019impresa, con tutte le sue utilit\u00e0 e potenzialit\u00e0, [&hellip;]<\/p>\n","protected":false},"author":7,"featured_media":0,"parent":0,"menu_order":0,"comment_status":"closed","ping_status":"closed","template":"","meta":{"footnotes":""},"class_list":["post-150","page","type-page","status-publish","hentry"],"yoast_head":"<!-- This site is optimized with the Yoast SEO plugin v27.3 - https:\/\/yoast.com\/product\/yoast-seo-wordpress\/ -->\n<title>Workshop: Che successione per quale impresa? - demo.unibz.it<\/title>\n<meta name=\"robots\" content=\"index, follow, max-snippet:-1, max-image-preview:large, max-video-preview:-1\" \/>\n<link rel=\"canonical\" href=\"https:\/\/familyfirmssuccession.projects.unibz.it\/?page_id=150\" \/>\n<meta property=\"og:locale\" content=\"en_US\" \/>\n<meta property=\"og:type\" content=\"article\" \/>\n<meta property=\"og:title\" content=\"Workshop: Che successione per quale impresa? - demo.unibz.it\" \/>\n<meta property=\"og:description\" content=\"Workshop: Che successione per quale impresa? Workshop online 17 giugno 2022 &#8211; 10.00-19.00 Il workshop fa parte delle attivit\u00e0 del progetto di ricerca interdisciplinare finanziato da Unibz \u201cHanding over the family business to the next generation and the succession law in Europe: present challenges and future perspectives\u201c che prevede la collaborazione di ricercatori di diritto, management e sociologia nello studio delle situazioni e dei rapporti complessi che caratterizzano la successione delle imprese familiari. Il processo di successione di un\u2019impresa familiare alla generazione successiva richiede attenzione e studio della situazione in modo che l\u2019impresa, con tutte le sue utilit\u00e0 e potenzialit\u00e0, [&hellip;]\" \/>\n<meta property=\"og:url\" content=\"https:\/\/familyfirmssuccession.projects.unibz.it\/?page_id=150\" \/>\n<meta property=\"og:site_name\" content=\"demo.unibz.it\" \/>\n<meta property=\"article:modified_time\" content=\"2022-12-15T13:56:02+00:00\" \/>\n<meta name=\"twitter:card\" content=\"summary_large_image\" \/>\n<meta name=\"twitter:label1\" content=\"Est. reading time\" \/>\n\t<meta name=\"twitter:data1\" content=\"2 minutes\" \/>\n<script type=\"application\/ld+json\" class=\"yoast-schema-graph\">{\"@context\":\"https:\\\/\\\/schema.org\",\"@graph\":[{\"@type\":\"WebPage\",\"@id\":\"https:\\\/\\\/familyfirmssuccession.projects.unibz.it\\\/?page_id=150\",\"url\":\"https:\\\/\\\/familyfirmssuccession.projects.unibz.it\\\/?page_id=150\",\"name\":\"Workshop: Che successione per quale impresa? - demo.unibz.it\",\"isPartOf\":{\"@id\":\"https:\\\/\\\/familyfirmssuccession.projects.unibz.it\\\/#website\"},\"datePublished\":\"2022-06-09T09:31:17+00:00\",\"dateModified\":\"2022-12-15T13:56:02+00:00\",\"breadcrumb\":{\"@id\":\"https:\\\/\\\/familyfirmssuccession.projects.unibz.it\\\/?page_id=150#breadcrumb\"},\"inLanguage\":\"en-US\",\"potentialAction\":[{\"@type\":\"ReadAction\",\"target\":[\"https:\\\/\\\/familyfirmssuccession.projects.unibz.it\\\/?page_id=150\"]}]},{\"@type\":\"BreadcrumbList\",\"@id\":\"https:\\\/\\\/familyfirmssuccession.projects.unibz.it\\\/?page_id=150#breadcrumb\",\"itemListElement\":[{\"@type\":\"ListItem\",\"position\":1,\"name\":\"Home\",\"item\":\"https:\\\/\\\/familyfirmssuccession.projects.unibz.it\\\/\"},{\"@type\":\"ListItem\",\"position\":2,\"name\":\"Workshop: Che successione per quale impresa?\"}]},{\"@type\":\"WebSite\",\"@id\":\"https:\\\/\\\/familyfirmssuccession.projects.unibz.it\\\/#website\",\"url\":\"https:\\\/\\\/familyfirmssuccession.projects.unibz.it\\\/\",\"name\":\"demo.unibz.it\",\"description\":\"Just another WordPress site\",\"potentialAction\":[{\"@type\":\"SearchAction\",\"target\":{\"@type\":\"EntryPoint\",\"urlTemplate\":\"https:\\\/\\\/familyfirmssuccession.projects.unibz.it\\\/?s={search_term_string}\"},\"query-input\":{\"@type\":\"PropertyValueSpecification\",\"valueRequired\":true,\"valueName\":\"search_term_string\"}}],\"inLanguage\":\"en-US\"}]}<\/script>\n<!-- \/ Yoast SEO plugin. -->","yoast_head_json":{"title":"Workshop: Che successione per quale impresa? - demo.unibz.it","robots":{"index":"index","follow":"follow","max-snippet":"max-snippet:-1","max-image-preview":"max-image-preview:large","max-video-preview":"max-video-preview:-1"},"canonical":"https:\/\/familyfirmssuccession.projects.unibz.it\/?page_id=150","og_locale":"en_US","og_type":"article","og_title":"Workshop: Che successione per quale impresa? - demo.unibz.it","og_description":"Workshop: Che successione per quale impresa? Workshop online 17 giugno 2022 &#8211; 10.00-19.00 Il workshop fa parte delle attivit\u00e0 del progetto di ricerca interdisciplinare finanziato da Unibz \u201cHanding over the family business to the next generation and the succession law in Europe: present challenges and future perspectives\u201c che prevede la collaborazione di ricercatori di diritto, management e sociologia nello studio delle situazioni e dei rapporti complessi che caratterizzano la successione delle imprese familiari. Il processo di successione di un\u2019impresa familiare alla generazione successiva richiede attenzione e studio della situazione in modo che l\u2019impresa, con tutte le sue utilit\u00e0 e potenzialit\u00e0, [&hellip;]","og_url":"https:\/\/familyfirmssuccession.projects.unibz.it\/?page_id=150","og_site_name":"demo.unibz.it","article_modified_time":"2022-12-15T13:56:02+00:00","twitter_card":"summary_large_image","twitter_misc":{"Est. reading time":"2 minutes"},"schema":{"@context":"https:\/\/schema.org","@graph":[{"@type":"WebPage","@id":"https:\/\/familyfirmssuccession.projects.unibz.it\/?page_id=150","url":"https:\/\/familyfirmssuccession.projects.unibz.it\/?page_id=150","name":"Workshop: Che successione per quale impresa? - demo.unibz.it","isPartOf":{"@id":"https:\/\/familyfirmssuccession.projects.unibz.it\/#website"},"datePublished":"2022-06-09T09:31:17+00:00","dateModified":"2022-12-15T13:56:02+00:00","breadcrumb":{"@id":"https:\/\/familyfirmssuccession.projects.unibz.it\/?page_id=150#breadcrumb"},"inLanguage":"en-US","potentialAction":[{"@type":"ReadAction","target":["https:\/\/familyfirmssuccession.projects.unibz.it\/?page_id=150"]}]},{"@type":"BreadcrumbList","@id":"https:\/\/familyfirmssuccession.projects.unibz.it\/?page_id=150#breadcrumb","itemListElement":[{"@type":"ListItem","position":1,"name":"Home","item":"https:\/\/familyfirmssuccession.projects.unibz.it\/"},{"@type":"ListItem","position":2,"name":"Workshop: Che successione per quale impresa?"}]},{"@type":"WebSite","@id":"https:\/\/familyfirmssuccession.projects.unibz.it\/#website","url":"https:\/\/familyfirmssuccession.projects.unibz.it\/","name":"demo.unibz.it","description":"Just another WordPress site","potentialAction":[{"@type":"SearchAction","target":{"@type":"EntryPoint","urlTemplate":"https:\/\/familyfirmssuccession.projects.unibz.it\/?s={search_term_string}"},"query-input":{"@type":"PropertyValueSpecification","valueRequired":true,"valueName":"search_term_string"}}],"inLanguage":"en-US"}]}},"_links":{"self":[{"href":"https:\/\/familyfirmssuccession.projects.unibz.it\/index.php?rest_route=\/wp\/v2\/pages\/150","targetHints":{"allow":["GET"]}}],"collection":[{"href":"https:\/\/familyfirmssuccession.projects.unibz.it\/index.php?rest_route=\/wp\/v2\/pages"}],"about":[{"href":"https:\/\/familyfirmssuccession.projects.unibz.it\/index.php?rest_route=\/wp\/v2\/types\/page"}],"author":[{"embeddable":true,"href":"https:\/\/familyfirmssuccession.projects.unibz.it\/index.php?rest_route=\/wp\/v2\/users\/7"}],"replies":[{"embeddable":true,"href":"https:\/\/familyfirmssuccession.projects.unibz.it\/index.php?rest_route=%2Fwp%2Fv2%2Fcomments&post=150"}],"version-history":[{"count":15,"href":"https:\/\/familyfirmssuccession.projects.unibz.it\/index.php?rest_route=\/wp\/v2\/pages\/150\/revisions"}],"predecessor-version":[{"id":202,"href":"https:\/\/familyfirmssuccession.projects.unibz.it\/index.php?rest_route=\/wp\/v2\/pages\/150\/revisions\/202"}],"wp:attachment":[{"href":"https:\/\/familyfirmssuccession.projects.unibz.it\/index.php?rest_route=%2Fwp%2Fv2%2Fmedia&parent=150"}],"curies":[{"name":"wp","href":"https:\/\/api.w.org\/{rel}","templated":true}]}}